{"id":207,"date":"2022-01-12T09:00:14","date_gmt":"2022-01-12T09:00:14","guid":{"rendered":"http:\/\/bozza1.popover.online\/?page_id=207"},"modified":"2025-07-09T14:33:10","modified_gmt":"2025-07-09T14:33:10","slug":"ragu-di-selvaggina","status":"publish","type":"page","link":"https:\/\/funghirossi.it\/en\/ragu-di-selvaggina\/","title":{"rendered":"Game Meat Sauces"},"content":{"rendered":"<p>[et_pb_section fb_built=&#8221;1&#8243; _builder_version=&#8221;4.16&#8243; _module_preset=&#8221;default&#8221; custom_margin=&#8221;20px||||false|false&#8221; custom_padding=&#8221;0px||0px||true|false&#8221; global_colors_info=&#8221;{}&#8221;][et_pb_row _builder_version=&#8221;4.16&#8243; _module_preset=&#8221;default&#8221; global_colors_info=&#8221;{}&#8221;][et_pb_column type=&#8221;4_4&#8243; _builder_version=&#8221;4.16&#8243; _module_preset=&#8221;default&#8221; global_colors_info=&#8221;{}&#8221;][et_pb_text _builder_version=&#8221;4.16&#8243; _module_preset=&#8221;default&#8221; text_font_size=&#8221;12px&#8221; text_orientation=&#8221;center&#8221; global_colors_info=&#8221;{}&#8221;]<\/p>\n<p><span style=\"color: #999999;\"><a href=\"\/prodotti\" style=\"color: #999999;\">PRODOTTI<\/a> | <a href=\"\/sughi-e-ragu\" style=\"color: #999999;\">SUGHI E RAG\u00d9<\/a> | RAG\u00d9 DI SELVAGGINA<\/span><\/p>\n<p>[\/et_pb_text][et_pb_text _builder_version=&#8221;4.16&#8243; _module_preset=&#8221;default&#8221; header_text_align=&#8221;center&#8221; header_2_text_align=&#8221;center&#8221; global_colors_info=&#8221;{}&#8221;]<\/p>\n<h1>Rag\u00f9 di selvaggina<\/h1>\n<p>[\/et_pb_text][\/et_pb_column][\/et_pb_row][\/et_pb_section][et_pb_section fb_built=&#8221;1&#8243; _builder_version=&#8221;4.16&#8243; _module_preset=&#8221;default&#8221; custom_padding=&#8221;0px||0px||true|false&#8221; global_colors_info=&#8221;{}&#8221;][et_pb_row _builder_version=&#8221;4.16&#8243; _module_preset=&#8221;default&#8221; width=&#8221;100%&#8221; max_width=&#8221;100vw&#8221; module_alignment=&#8221;center&#8221; custom_padding=&#8221;0px||0px||true|false&#8221; global_colors_info=&#8221;{}&#8221;][et_pb_column type=&#8221;4_4&#8243; _builder_version=&#8221;4.16&#8243; _module_preset=&#8221;default&#8221; global_colors_info=&#8221;{}&#8221;][et_pb_image src=&#8221;http:\/\/funghirossi.it\/wp-content\/uploads\/2022\/01\/Ragu-di-selvaggina-i.jpg&#8221; alt=&#8221;Rag\u00f9 di selvaggina&#8221; title_text=&#8221;Rag\u00f9 di selvaggina&#8221; align=&#8221;center&#8221; force_fullwidth=&#8221;on&#8221; module_class=&#8221;prima&#8221; _builder_version=&#8221;4.16&#8243; _module_preset=&#8221;default&#8221; global_colors_info=&#8221;{}&#8221;][\/et_pb_image][\/et_pb_column][\/et_pb_row][\/et_pb_section][et_pb_section fb_built=&#8221;1&#8243; _builder_version=&#8221;4.16&#8243; _module_preset=&#8221;default&#8221; custom_padding=&#8221;||||false|false&#8221; global_colors_info=&#8221;{}&#8221;][et_pb_row column_structure=&#8221;1_3,2_3&#8243; use_custom_gutter=&#8221;on&#8221; gutter_width=&#8221;2&#8243; _builder_version=&#8221;4.16&#8243; _module_preset=&#8221;default&#8221; max_width=&#8221;1200px&#8221; module_alignment=&#8221;center&#8221; global_colors_info=&#8221;{}&#8221;][et_pb_column type=&#8221;1_3&#8243; _builder_version=&#8221;4.16&#8243; _module_preset=&#8221;default&#8221; global_colors_info=&#8221;{}&#8221;][et_pb_text _builder_version=&#8221;4.16&#8243; _module_preset=&#8221;default&#8221; global_colors_info=&#8221;{}&#8221;]<\/p>\n<h2 class=\"editor-toolbar\" id=\"ls89z0cnns\" spellcheck=\"false\"><span style=\"font-size: 14pt;\"><strong>Rag\u00f9 di selvaggina<\/strong><\/span><\/h2>\n<p class=\"editor-toolbar\" id=\"pawtoxaek2\" spellcheck=\"false\"><span style=\"color: #333333;\"><strong>Rag\u00f9 bianco, prodotto secondo<\/strong><\/span><br \/><span style=\"color: #333333;\"><strong>la tradizione, con pochissimo<\/strong><\/span><br \/><span style=\"color: #333333;\"><strong>pomodoro e un\u2019alta percentuale di carne<\/strong><\/span><\/p>\n<h1 class=\"editor-toolbar\" id=\"p59oe2jktt\" spellcheck=\"false\"><strong><span style=\"font-size: 14pt;\">Vasetti da 180 g &#8211; 7 gusti:<\/span><\/strong><\/h1>\n<p class=\"editor-toolbar\" id=\"0vafkmffe9\" spellcheck=\"false\"><span style=\"color: #333333;\"><strong>Rag\u00f9 di cervo<\/strong><\/span><br \/><span style=\"color: #333333;\"><strong>Rag\u00f9 di capriolo<\/strong><\/span><br \/><span style=\"color: #333333;\"><strong>Rag\u00f9 di lepre<\/strong><\/span><br \/><span style=\"color: #333333;\"><strong>Rag\u00f9 di fagiano<\/strong><\/span><br \/><span style=\"color: #333333;\"><strong>Rag\u00f9 di cinghiale<\/strong><\/span><br \/><span style=\"color: #333333;\"><strong>Rag\u00f9 di anatra<\/strong><\/span><br \/><span style=\"color: #333333;\"><strong>Sugo di salm\u00ec di cervo<\/strong><\/span><\/p>\n<p>[\/et_pb_text][\/et_pb_column][et_pb_column type=&#8221;2_3&#8243; _builder_version=&#8221;4.16&#8243; _module_preset=&#8221;default&#8221; global_colors_info=&#8221;{}&#8221;][et_pb_image src=&#8221;http:\/\/funghirossi.it\/wp-content\/uploads\/2022\/01\/Ragu-di-selvaggina-im.png&#8221; alt=&#8221;Rag\u00f9 di selvaggina&#8221; title_text=&#8221;Rag\u00f9 di selvaggina&#8221; force_fullwidth=&#8221;on&#8221; _builder_version=&#8221;4.16&#8243; _module_preset=&#8221;default&#8221; global_colors_info=&#8221;{}&#8221;][\/et_pb_image][\/et_pb_column][\/et_pb_row][et_pb_row _builder_version=&#8221;4.24.2&#8243; _module_preset=&#8221;default&#8221; custom_padding=&#8221;||0px||false|false&#8221; link_option_url_new_window=&#8221;on&#8221; global_colors_info=&#8221;{}&#8221;][et_pb_column type=&#8221;4_4&#8243; _builder_version=&#8221;4.16&#8243; _module_preset=&#8221;default&#8221; global_colors_info=&#8221;{}&#8221;][et_pb_text _builder_version=&#8221;4.16&#8243; _module_preset=&#8221;default&#8221; header_2_text_align=&#8221;center&#8221; global_colors_info=&#8221;{}&#8221;]<\/p>\n<h2 class=\"editor-toolbar\" id=\"cb3tlnihll\" spellcheck=\"false\"><strong><span style=\"font-size: 14pt;\">Scheda prodotto<\/span><\/strong><\/h2>\n<p>[\/et_pb_text][et_pb_button button_url=&#8221;http:\/\/funghirossi.it\/wp-content\/uploads\/2024\/04\/Ragu-di-selvaggina-Sapori-di-Montagna.pdf&#8221; url_new_window=&#8221;on&#8221; button_text=&#8221;DOWNLOAD&#8221; button_alignment=&#8221;center&#8221; _builder_version=&#8221;4.24.3&#8243; _module_preset=&#8221;default&#8221; global_colors_info=&#8221;{}&#8221;][\/et_pb_button][\/et_pb_column][\/et_pb_row][\/et_pb_section][et_pb_section fb_built=&#8221;1&#8243; _builder_version=&#8221;4.27.4&#8243; _module_preset=&#8221;default&#8221; width=&#8221;100%&#8221; custom_padding=&#8221;0px||||false|false&#8221; global_colors_info=&#8221;{}&#8221;][et_pb_row _builder_version=&#8221;4.27.4&#8243; _module_preset=&#8221;default&#8221; custom_padding=&#8221;0px||0px||true|false&#8221; global_colors_info=&#8221;{}&#8221;][et_pb_column type=&#8221;4_4&#8243; _builder_version=&#8221;4.16&#8243; _module_preset=&#8221;default&#8221; custom_css_main_element=&#8221;display: flex;||flex-flow: row nowrap;||justify-content: center;&#8221; global_colors_info=&#8221;{}&#8221; custom_css_main_element_last_edited=&#8221;on|phone&#8221; custom_css_main_element_phone=&#8221;flex-direction: column;&#8221; custom_css_main_element_tablet=&#8221;display: flex;||flex-flow: row nowrap;||justify-content: center;&#8221;][et_pb_text _builder_version=&#8221;4.16&#8243; _dynamic_attributes=&#8221;link_option_url&#8221; _module_preset=&#8221;default&#8221; text_font=&#8221;||on|on|||||&#8221; text_font_size=&#8221;11px&#8221; custom_padding=&#8221;10px|10px|10px|10px|true|true&#8221; link_option_url=&#8221;@ET-DC@eyJkeW5hbWljIjp0cnVlLCJjb250ZW50IjoicG9zdF9saW5rX3VybF9wYWdlIiwic2V0dGluZ3MiOnsicG9zdF9pZCI6IjIwNyJ9fQ==@&#8221; global_colors_info=&#8221;{}&#8221; background__hover_enabled=&#8221;on|hover&#8221; background_color__hover=&#8221;#4f2608&#8243; background_enable_color__hover=&#8221;on&#8221; text_text_color__hover_enabled=&#8221;on|hover&#8221; text_text_color__hover=&#8221;#FFFFFF&#8221;]<\/p>\n<p>Rag\u00f9 di selvaggina<\/p>\n<p>[\/et_pb_text][et_pb_text _builder_version=&#8221;4.16&#8243; _dynamic_attributes=&#8221;link_option_url&#8221; _module_preset=&#8221;default&#8221; text_font=&#8221;||on|on|||||&#8221; text_font_size=&#8221;11px&#8221; custom_padding=&#8221;10px|10px|10px|10px|true|true&#8221; link_option_url=&#8221;@ET-DC@eyJkeW5hbWljIjp0cnVlLCJjb250ZW50IjoicG9zdF9saW5rX3VybF9wYWdlIiwic2V0dGluZ3MiOnsicG9zdF9pZCI6IjIyNSJ9fQ==@&#8221; global_colors_info=&#8221;{}&#8221; background__hover_enabled=&#8221;on|hover&#8221; background_color__hover=&#8221;#4f2608&#8243; background_enable_color__hover=&#8221;on&#8221; text_text_color__hover_enabled=&#8221;on|hover&#8221; text_text_color__hover=&#8221;#FFFFFF&#8221;]<\/p>\n<p>Sughi delicati<\/p>\n<p>[\/et_pb_text][et_pb_text _builder_version=&#8221;4.16&#8243; _dynamic_attributes=&#8221;link_option_url&#8221; _module_preset=&#8221;default&#8221; text_font=&#8221;||on|on|||||&#8221; text_font_size=&#8221;11px&#8221; custom_padding=&#8221;10px|10px|10px|10px|true|true&#8221; link_option_url=&#8221;@ET-DC@eyJkeW5hbWljIjp0cnVlLCJjb250ZW50IjoicG9zdF9saW5rX3VybF9wYWdlIiwic2V0dGluZ3MiOnsicG9zdF9pZCI6IjIzNCJ9fQ==@&#8221; global_colors_info=&#8221;{}&#8221; background__hover_enabled=&#8221;on|hover&#8221; background_color__hover=&#8221;#4f2608&#8243; background_enable_color__hover=&#8221;on&#8221; text_text_color__hover_enabled=&#8221;on|hover&#8221; text_text_color__hover=&#8221;#FFFFFF&#8221;]<\/p>\n<p>Sughi saporiti<\/p>\n<p>[\/et_pb_text][et_pb_text _builder_version=&#8221;4.16&#8243; _dynamic_attributes=&#8221;link_option_url&#8221; _module_preset=&#8221;default&#8221; text_font=&#8221;||on|on|||||&#8221; text_font_size=&#8221;11px&#8221; custom_padding=&#8221;10px|10px|10px|10px|true|true&#8221; link_option_url=&#8221;@ET-DC@eyJkeW5hbWljIjp0cnVlLCJjb250ZW50IjoicG9zdF9saW5rX3VybF9wYWdlIiwic2V0dGluZ3MiOnsicG9zdF9pZCI6IjI0MSJ9fQ==@&#8221; global_colors_info=&#8221;{}&#8221; background__hover_enabled=&#8221;on|hover&#8221; background_color__hover=&#8221;#4f2608&#8243; background_enable_color__hover=&#8221;on&#8221; text_text_color__hover_enabled=&#8221;on|hover&#8221; text_text_color__hover=&#8221;#FFFFFF&#8221;]<\/p>\n<p>Sughi classici italiani<\/p>\n<p>[\/et_pb_text][et_pb_text _builder_version=&#8221;4.16&#8243; _dynamic_attributes=&#8221;link_option_url&#8221; _module_preset=&#8221;default&#8221; text_font=&#8221;||on|on|||||&#8221; text_font_size=&#8221;11px&#8221; custom_padding=&#8221;10px|10px|10px|10px|true|true&#8221; link_option_url=&#8221;@ET-DC@eyJkeW5hbWljIjp0cnVlLCJjb250ZW50IjoicG9zdF9saW5rX3VybF9wYWdlIiwic2V0dGluZ3MiOnsicG9zdF9pZCI6IjI0OCJ9fQ==@&#8221; global_colors_info=&#8221;{}&#8221; background__hover_enabled=&#8221;on|hover&#8221; background_color__hover=&#8221;#4f2608&#8243; background_enable_color__hover=&#8221;on&#8221; text_text_color__hover_enabled=&#8221;on|hover&#8221; text_text_color__hover=&#8221;#FFFFFF&#8221;]<\/p>\n<p>Passate di pomodoro<\/p>\n<p>[\/et_pb_text][et_pb_text _builder_version=&#8221;4.16&#8243; _dynamic_attributes=&#8221;link_option_url&#8221; _module_preset=&#8221;default&#8221; text_font=&#8221;||on|on|||||&#8221; text_font_size=&#8221;11px&#8221; custom_padding=&#8221;10px|10px|10px|10px|true|true&#8221; link_option_url=&#8221;@ET-DC@eyJkeW5hbWljIjp0cnVlLCJjb250ZW50IjoicG9zdF9saW5rX3VybF9wYWdlIiwic2V0dGluZ3MiOnsicG9zdF9pZCI6IjI1NiJ9fQ==@&#8221; global_colors_info=&#8221;{}&#8221; background__hover_enabled=&#8221;on|hover&#8221; background_color__hover=&#8221;#4f2608&#8243; background_enable_color__hover=&#8221;on&#8221; text_text_color__hover_enabled=&#8221;on|hover&#8221; text_text_color__hover=&#8221;#FFFFFF&#8221;]<\/p>\n<p>Pesto alla Genovese<\/p>\n<p>[\/et_pb_text][et_pb_text _builder_version=&#8221;4.16&#8243; _dynamic_attributes=&#8221;link_option_url&#8221; _module_preset=&#8221;default&#8221; text_font=&#8221;||on|on|||||&#8221; text_font_size=&#8221;11px&#8221; custom_padding=&#8221;10px|10px|10px|10px|true|true&#8221; link_option_url=&#8221;@ET-DC@eyJkeW5hbWljIjp0cnVlLCJjb250ZW50IjoicG9zdF9saW5rX3VybF9wYWdlIiwic2V0dGluZ3MiOnsicG9zdF9pZCI6IjI2NCJ9fQ==@&#8221; global_colors_info=&#8221;{}&#8221; background__hover_enabled=&#8221;on|hover&#8221; background_color__hover=&#8221;#4f2608&#8243; background_enable_color__hover=&#8221;on&#8221; text_text_color__hover_enabled=&#8221;on|hover&#8221; text_text_color__hover=&#8221;#FFFFFF&#8221;]<\/p>\n<p>Pesto e Pat\u00e9 di verdure<\/p>\n<p>[\/et_pb_text][\/et_pb_column][\/et_pb_row][et_pb_row _builder_version=&#8221;4.27.4&#8243; _module_preset=&#8221;default&#8221; max_width=&#8221;1240px&#8221; custom_padding=&#8221;0px||0px||true|false&#8221; hover_enabled=&#8221;0&#8243; global_colors_info=&#8221;{}&#8221; sticky_enabled=&#8221;0&#8243;][et_pb_column type=&#8221;4_4&#8243; _builder_version=&#8221;4.16&#8243; _module_preset=&#8221;default&#8221; custom_css_main_element=&#8221;display: flex;||flex-flow: row nowrap;||justify-content: center;&#8221; global_colors_info=&#8221;{}&#8221; custom_css_main_element_last_edited=&#8221;on|phone&#8221; custom_css_main_element_phone=&#8221;flex-direction: column;&#8221; custom_css_main_element_tablet=&#8221;display: flex;||flex-flow: row nowrap;||justify-content: center;&#8221;][et_pb_text _builder_version=&#8221;4.16&#8243; _dynamic_attributes=&#8221;link_option_url&#8221; _module_preset=&#8221;default&#8221; text_font=&#8221;||on|on|||||&#8221; text_font_size=&#8221;11px&#8221; custom_padding=&#8221;10px|10px|10px|10px|true|true&#8221; link_option_url=&#8221;@ET-DC@eyJkeW5hbWljIjp0cnVlLCJjb250ZW50IjoicG9zdF9saW5rX3VybF9wYWdlIiwic2V0dGluZ3MiOnsicG9zdF9pZCI6IjI4MSJ9fQ==@&#8221; global_colors_info=&#8221;{}&#8221; background__hover_enabled=&#8221;on|hover&#8221; background_color__hover=&#8221;#4f2608&#8243; background_enable_color__hover=&#8221;on&#8221; text_text_color__hover_enabled=&#8221;on|hover&#8221; text_text_color__hover=&#8221;#FFFFFF&#8221;]<\/p>\n<p>Rossi &amp; Golosi rag\u00f9 di bresaola<\/p>\n<p>[\/et_pb_text][et_pb_text _builder_version=&#8221;4.16&#8243; _dynamic_attributes=&#8221;link_option_url&#8221; _module_preset=&#8221;default&#8221; text_font=&#8221;||on|on|||||&#8221; text_font_size=&#8221;11px&#8221; custom_padding=&#8221;10px|10px|10px|10px|true|true&#8221; link_option_url=&#8221;@ET-DC@eyJkeW5hbWljIjp0cnVlLCJjb250ZW50IjoicG9zdF9saW5rX3VybF9wYWdlIiwic2V0dGluZ3MiOnsicG9zdF9pZCI6IjI4OSJ9fQ==@&#8221; global_colors_info=&#8221;{}&#8221; background__hover_enabled=&#8221;on|hover&#8221; background_color__hover=&#8221;#4f2608&#8243; background_enable_color__hover=&#8221;on&#8221; text_text_color__hover_enabled=&#8221;on|hover&#8221; text_text_color__hover=&#8221;#FFFFFF&#8221;]<\/p>\n<p>Rossi &amp; Golosi sughi classici<\/p>\n<p>[\/et_pb_text][et_pb_text _builder_version=&#8221;4.16&#8243; _dynamic_attributes=&#8221;link_option_url&#8221; _module_preset=&#8221;default&#8221; text_font=&#8221;||on|on|||||&#8221; text_font_size=&#8221;11px&#8221; custom_padding=&#8221;10px|10px|10px|10px|true|true&#8221; link_option_url=&#8221;@ET-DC@eyJkeW5hbWljIjp0cnVlLCJjb250ZW50IjoicG9zdF9saW5rX3VybF9wYWdlIiwic2V0dGluZ3MiOnsicG9zdF9pZCI6IjI5NiJ9fQ==@&#8221; global_colors_info=&#8221;{}&#8221; background__hover_enabled=&#8221;on|hover&#8221; background_color__hover=&#8221;#4f2608&#8243; background_enable_color__hover=&#8221;on&#8221; text_text_color__hover_enabled=&#8221;on|hover&#8221; text_text_color__hover=&#8221;#FFFFFF&#8221;]<\/p>\n<p>Rossi &amp; Golosi rag\u00f9 alla selvaggina<\/p>\n<p>[\/et_pb_text][et_pb_text _builder_version=&#8221;4.16&#8243; _dynamic_attributes=&#8221;link_option_url&#8221; _module_preset=&#8221;default&#8221; text_font=&#8221;||on|on|||||&#8221; text_font_size=&#8221;11px&#8221; custom_padding=&#8221;10px|10px|10px|10px|true|true&#8221; link_option_url=&#8221;@ET-DC@eyJkeW5hbWljIjp0cnVlLCJjb250ZW50IjoicG9zdF9saW5rX3VybF9wYWdlIiwic2V0dGluZ3MiOnsicG9zdF9pZCI6IjMwMyJ9fQ==@&#8221; global_colors_info=&#8221;{}&#8221; background__hover_enabled=&#8221;on|hover&#8221; background_color__hover=&#8221;#4f2608&#8243; background_enable_color__hover=&#8221;on&#8221; text_text_color__hover_enabled=&#8221;on|hover&#8221; text_text_color__hover=&#8221;#FFFFFF&#8221;]<\/p>\n<p>Rossi &amp; Golosi rag\u00f9 di selvaggina 50%<\/p>\n<p>[\/et_pb_text][et_pb_text _builder_version=&#8221;4.27.4&#8243; _dynamic_attributes=&#8221;link_option_url&#8221; _module_preset=&#8221;default&#8221; text_font=&#8221;||on|on|||||&#8221; text_font_size=&#8221;11px&#8221; custom_padding=&#8221;10px|10px|10px|10px|true|true&#8221; link_option_url=&#8221;@ET-DC@eyJkeW5hbWljIjp0cnVlLCJjb250ZW50IjoicG9zdF9saW5rX3VybF9wYWdlIiwic2V0dGluZ3MiOnsicG9zdF9pZCI6IjEzNDEifX0=@&#8221; global_colors_info=&#8221;{}&#8221; background__hover_enabled=&#8221;on|hover&#8221; background_color__hover=&#8221;#4f2608&#8243; background_enable_color__hover=&#8221;on&#8221; text_text_color__hover_enabled=&#8221;on|hover&#8221; text_text_color__hover=&#8221;#FFFFFF&#8221;]<\/p>\n<p>Polpa e sughi biologici<\/p>\n<p>[\/et_pb_text][\/et_pb_column][\/et_pb_row][\/et_pb_section]<\/p>\n","protected":false},"excerpt":{"rendered":"<p>PRODOTTI | SUGHI E RAG\u00d9 | RAG\u00d9 DI SELVAGGINARag\u00f9 di selvagginaRag\u00f9 di selvaggina Rag\u00f9 bianco, prodotto secondola tradizione, con pochissimopomodoro e un\u2019alta percentuale di carne Vasetti da 180 g &#8211; 7 gusti: Rag\u00f9 di cervoRag\u00f9 di caprioloRag\u00f9 di lepreRag\u00f9 di fagianoRag\u00f9 di cinghialeRag\u00f9 di anatraSugo di salm\u00ec di cervoScheda prodottoRag\u00f9 di selvagginaSughi delicatiSughi saporitiSughi classici [&hellip;]<\/p>\n","protected":false},"author":1,"featured_media":0,"parent":0,"menu_order":0,"comment_status":"closed","ping_status":"closed","template":"","meta":{"_et_pb_use_builder":"on","_et_pb_old_content":"","_et_gb_content_width":"","footnotes":""},"class_list":["post-207","page","type-page","status-publish","hentry"],"yoast_head":"<!-- This site is optimized with the Yoast SEO plugin v27.3 - https:\/\/yoast.com\/product\/yoast-seo-wordpress\/ -->\n<title>Rag\u00f9 di selvaggina - SAPORI DI MONTAGNA<\/title>\n<meta name=\"robots\" content=\"index, follow, max-snippet:-1, max-image-preview:large, max-video-preview:-1\" \/>\n<link rel=\"canonical\" href=\"https:\/\/funghirossi.it\/en\/ragu-di-selvaggina\/\" \/>\n<meta property=\"og:locale\" content=\"en_GB\" \/>\n<meta property=\"og:type\" content=\"article\" \/>\n<meta property=\"og:title\" content=\"Rag\u00f9 di selvaggina - SAPORI DI MONTAGNA\" \/>\n<meta property=\"og:description\" content=\"PRODOTTI | SUGHI E RAG\u00d9 | RAG\u00d9 DI SELVAGGINARag\u00f9 di selvagginaRag\u00f9 di selvaggina Rag\u00f9 bianco, prodotto secondola tradizione, con pochissimopomodoro e un\u2019alta percentuale di carne Vasetti da 180 g - 7 gusti: Rag\u00f9 di cervoRag\u00f9 di caprioloRag\u00f9 di lepreRag\u00f9 di fagianoRag\u00f9 di cinghialeRag\u00f9 di anatraSugo di salm\u00ec di cervoScheda prodottoRag\u00f9 di selvagginaSughi delicatiSughi saporitiSughi classici [&hellip;]\" \/>\n<meta property=\"og:url\" content=\"https:\/\/funghirossi.it\/en\/ragu-di-selvaggina\/\" \/>\n<meta property=\"og:site_name\" content=\"SAPORI DI MONTAGNA\" \/>\n<meta property=\"article:modified_time\" content=\"2025-07-09T14:33:10+00:00\" \/>\n<meta name=\"twitter:card\" content=\"summary_large_image\" \/>\n<meta name=\"twitter:label1\" content=\"Estimated reading time\" \/>\n\t<meta name=\"twitter:data1\" content=\"8 minutes\" \/>\n<script type=\"application\/ld+json\" class=\"yoast-schema-graph\">{\"@context\":\"https:\\\/\\\/schema.org\",\"@graph\":[{\"@type\":\"WebPage\",\"@id\":\"https:\\\/\\\/funghirossi.it\\\/ragu-di-selvaggina\\\/\",\"url\":\"https:\\\/\\\/funghirossi.it\\\/ragu-di-selvaggina\\\/\",\"name\":\"Rag\u00f9 di selvaggina - SAPORI DI MONTAGNA\",\"isPartOf\":{\"@id\":\"https:\\\/\\\/funghirossi.it\\\/#website\"},\"datePublished\":\"2022-01-12T09:00:14+00:00\",\"dateModified\":\"2025-07-09T14:33:10+00:00\",\"breadcrumb\":{\"@id\":\"https:\\\/\\\/funghirossi.it\\\/ragu-di-selvaggina\\\/#breadcrumb\"},\"inLanguage\":\"en-GB\",\"potentialAction\":[{\"@type\":\"ReadAction\",\"target\":[\"https:\\\/\\\/funghirossi.it\\\/ragu-di-selvaggina\\\/\"]}]},{\"@type\":\"BreadcrumbList\",\"@id\":\"https:\\\/\\\/funghirossi.it\\\/ragu-di-selvaggina\\\/#breadcrumb\",\"itemListElement\":[{\"@type\":\"ListItem\",\"position\":1,\"name\":\"Home\",\"item\":\"https:\\\/\\\/funghirossi.it\\\/\"},{\"@type\":\"ListItem\",\"position\":2,\"name\":\"Rag\u00f9 di selvaggina\"}]},{\"@type\":\"WebSite\",\"@id\":\"https:\\\/\\\/funghirossi.it\\\/#website\",\"url\":\"https:\\\/\\\/funghirossi.it\\\/\",\"name\":\"SAPORI DI MONTAGNA\",\"description\":\"Sapori di Montagna \u00e8 un'azienda artigiana, giovane e dinamica, legata alle tradizioni ma innovativa e attenta all\u2019ambiente.\",\"publisher\":{\"@id\":\"https:\\\/\\\/funghirossi.it\\\/#organization\"},\"potentialAction\":[{\"@type\":\"SearchAction\",\"target\":{\"@type\":\"EntryPoint\",\"urlTemplate\":\"https:\\\/\\\/funghirossi.it\\\/?s={search_term_string}\"},\"query-input\":{\"@type\":\"PropertyValueSpecification\",\"valueRequired\":true,\"valueName\":\"search_term_string\"}}],\"inLanguage\":\"en-GB\"},{\"@type\":\"Organization\",\"@id\":\"https:\\\/\\\/funghirossi.it\\\/#organization\",\"name\":\"Sapori di Montagna - Funghi Rossi\",\"url\":\"https:\\\/\\\/funghirossi.it\\\/\",\"logo\":{\"@type\":\"ImageObject\",\"inLanguage\":\"en-GB\",\"@id\":\"https:\\\/\\\/funghirossi.it\\\/#\\\/schema\\\/logo\\\/image\\\/\",\"url\":\"https:\\\/\\\/funghirossi.it\\\/wp-content\\\/uploads\\\/2022\\\/01\\\/saporidimontagna300dpi_mh264_c1qau.png\",\"contentUrl\":\"https:\\\/\\\/funghirossi.it\\\/wp-content\\\/uploads\\\/2022\\\/01\\\/saporidimontagna300dpi_mh264_c1qau.png\",\"width\":594,\"height\":594,\"caption\":\"Sapori di Montagna - Funghi Rossi\"},\"image\":{\"@id\":\"https:\\\/\\\/funghirossi.it\\\/#\\\/schema\\\/logo\\\/image\\\/\"}}]}<\/script>\n<!-- \/ Yoast SEO plugin. -->","yoast_head_json":{"title":"Rag\u00f9 di selvaggina - SAPORI DI MONTAGNA","robots":{"index":"index","follow":"follow","max-snippet":"max-snippet:-1","max-image-preview":"max-image-preview:large","max-video-preview":"max-video-preview:-1"},"canonical":"https:\/\/funghirossi.it\/en\/ragu-di-selvaggina\/","og_locale":"en_GB","og_type":"article","og_title":"Rag\u00f9 di selvaggina - SAPORI DI MONTAGNA","og_description":"PRODOTTI | SUGHI E RAG\u00d9 | RAG\u00d9 DI SELVAGGINARag\u00f9 di selvagginaRag\u00f9 di selvaggina Rag\u00f9 bianco, prodotto secondola tradizione, con pochissimopomodoro e un\u2019alta percentuale di carne Vasetti da 180 g - 7 gusti: Rag\u00f9 di cervoRag\u00f9 di caprioloRag\u00f9 di lepreRag\u00f9 di fagianoRag\u00f9 di cinghialeRag\u00f9 di anatraSugo di salm\u00ec di cervoScheda prodottoRag\u00f9 di selvagginaSughi delicatiSughi saporitiSughi classici [&hellip;]","og_url":"https:\/\/funghirossi.it\/en\/ragu-di-selvaggina\/","og_site_name":"SAPORI DI MONTAGNA","article_modified_time":"2025-07-09T14:33:10+00:00","twitter_card":"summary_large_image","twitter_misc":{"Estimated reading time":"8 minutes"},"schema":{"@context":"https:\/\/schema.org","@graph":[{"@type":"WebPage","@id":"https:\/\/funghirossi.it\/ragu-di-selvaggina\/","url":"https:\/\/funghirossi.it\/ragu-di-selvaggina\/","name":"Rag\u00f9 di selvaggina - SAPORI DI MONTAGNA","isPartOf":{"@id":"https:\/\/funghirossi.it\/#website"},"datePublished":"2022-01-12T09:00:14+00:00","dateModified":"2025-07-09T14:33:10+00:00","breadcrumb":{"@id":"https:\/\/funghirossi.it\/ragu-di-selvaggina\/#breadcrumb"},"inLanguage":"en-GB","potentialAction":[{"@type":"ReadAction","target":["https:\/\/funghirossi.it\/ragu-di-selvaggina\/"]}]},{"@type":"BreadcrumbList","@id":"https:\/\/funghirossi.it\/ragu-di-selvaggina\/#breadcrumb","itemListElement":[{"@type":"ListItem","position":1,"name":"Home","item":"https:\/\/funghirossi.it\/"},{"@type":"ListItem","position":2,"name":"Rag\u00f9 di selvaggina"}]},{"@type":"WebSite","@id":"https:\/\/funghirossi.it\/#website","url":"https:\/\/funghirossi.it\/","name":"SAPORI DI MONTAGNA","description":"Sapori di Montagna \u00e8 un'azienda artigiana, giovane e dinamica, legata alle tradizioni ma innovativa e attenta all\u2019ambiente.","publisher":{"@id":"https:\/\/funghirossi.it\/#organization"},"potentialAction":[{"@type":"SearchAction","target":{"@type":"EntryPoint","urlTemplate":"https:\/\/funghirossi.it\/?s={search_term_string}"},"query-input":{"@type":"PropertyValueSpecification","valueRequired":true,"valueName":"search_term_string"}}],"inLanguage":"en-GB"},{"@type":"Organization","@id":"https:\/\/funghirossi.it\/#organization","name":"Sapori di Montagna - Funghi Rossi","url":"https:\/\/funghirossi.it\/","logo":{"@type":"ImageObject","inLanguage":"en-GB","@id":"https:\/\/funghirossi.it\/#\/schema\/logo\/image\/","url":"https:\/\/funghirossi.it\/wp-content\/uploads\/2022\/01\/saporidimontagna300dpi_mh264_c1qau.png","contentUrl":"https:\/\/funghirossi.it\/wp-content\/uploads\/2022\/01\/saporidimontagna300dpi_mh264_c1qau.png","width":594,"height":594,"caption":"Sapori di Montagna - Funghi Rossi"},"image":{"@id":"https:\/\/funghirossi.it\/#\/schema\/logo\/image\/"}}]}},"_links":{"self":[{"href":"https:\/\/funghirossi.it\/en\/wp-json\/wp\/v2\/pages\/207","targetHints":{"allow":["GET"]}}],"collection":[{"href":"https:\/\/funghirossi.it\/en\/wp-json\/wp\/v2\/pages"}],"about":[{"href":"https:\/\/funghirossi.it\/en\/wp-json\/wp\/v2\/types\/page"}],"author":[{"embeddable":true,"href":"https:\/\/funghirossi.it\/en\/wp-json\/wp\/v2\/users\/1"}],"replies":[{"embeddable":true,"href":"https:\/\/funghirossi.it\/en\/wp-json\/wp\/v2\/comments?post=207"}],"version-history":[{"count":29,"href":"https:\/\/funghirossi.it\/en\/wp-json\/wp\/v2\/pages\/207\/revisions"}],"predecessor-version":[{"id":1375,"href":"https:\/\/funghirossi.it\/en\/wp-json\/wp\/v2\/pages\/207\/revisions\/1375"}],"wp:attachment":[{"href":"https:\/\/funghirossi.it\/en\/wp-json\/wp\/v2\/media?parent=207"}],"curies":[{"name":"wp","href":"https:\/\/api.w.org\/{rel}","templated":true}]}}